{"id":77,"date":"2016-06-20T09:00:29","date_gmt":"2016-06-20T07:00:29","guid":{"rendered":"http:\/\/www.eichhorn-networks.de\/public\/wordpress\/?page_id=77"},"modified":"2018-04-09T14:03:51","modified_gmt":"2018-04-09T12:03:51","slug":"impressum","status":"publish","type":"page","link":"https:\/\/www.eichhorn-networks.de\/public\/wordpress\/index.php\/impressum\/","title":{"rendered":"Impressum"},"content":{"rendered":"<h1>Zweck<\/h1>\n<p>Dieser Webauftritt dient ausschlie\u00dflich pers\u00f6nlichen oder famili\u00e4ren\u00a0Zwecken und wird von einer Privatperson betrieben.<\/p>\n<h1>Anbieter<\/h1>\n<p>Holger Eichhorn<br \/>\nBuchenstr. 12<br \/>\n63533 Mainhausen<\/p>\n<p>Tel.: 06182 826754<br \/>\nE-Mail: <a href=\"mailto:webmaster@eichhorn-networks.de\">webmaster_at_eichhorn-networks.de<\/a><\/p>\n<h1>Inhaltlich Verantwortlicher nach \u00a755 II RStV:<\/h1>\n<p>Holger Eichhorn<br \/>\nBuchenstr. 12<br \/>\n63533 Mainhausen<\/p>\n<h1>Haftung und Gew\u00e4hrleistung<\/h1>\n<p>Die Inhalte dieser Webseite wurden mit gr\u00f6\u00dftm\u00f6glicher Sorgfalt erstellt. F\u00fcr die Richtigkeit, Vollst\u00e4ndigkeit und Aktualit\u00e4t der bereitgestellten Inhalte und Informationen \u00fcbernimmt der Anbieter jedoch keine Gew\u00e4hr.<\/p>\n<p>Der Diensteanbieter ist nicht verpflichtet, \u00fcbermittelte oder gespeicherte fremde Informationen zu \u00fcberwachen oder nach Anhaltspunkten und Umst\u00e4nden zu suchen, die auf rechtswidrige Inhalte hinweisen (\u00a7\u00a7 8 bis 10 TMG). Eine diesbez\u00fcgliche Haftung ist erst ab dem Zeitpunkt der Kenntnis einer konkreten Rechtsverletzung m\u00f6glich. Bei Bekanntwerden von entsprechenden Rechtsverletzungen werden wir diese Inhalte umgehend entfernen. Verpflichtungen zur Entfernung oder Sperrung der Nutzung von Informationen nach den allgemeinen Gesetzen bleiben hiervon unber\u00fchrt.<\/p>\n<h1>Haftung f\u00fcr Links<\/h1>\n<p>Diese Webseite enth\u00e4lt Links zu externen Webseiten Dritter. F\u00fcr die Inhalte der verlinkten Seiten ist stets der jeweilige Betreiber der Seite verantwortlich. Zum Zeitpunkt der Verlinkung wurden die verlinkten Inhalte \u00fcberpr\u00fcft und Rechtsverst\u00f6\u00dfe nicht festgestellt. Da der Anbieter auf die Webseiten Dritter keinen Einfluss hat, kann er f\u00fcr deren Inhalte keine dauerhafte Gew\u00e4hr \u00fcbernehmen. Eine permanente \u00dcberwachung der verlinkten Seiten ist ohne konkrete Anhaltspunkte einer Rechtsverletzung nicht zumutbar. Bei Bekanntwerden von Rechtsverletzungen werden derartige Links umgehend entfernt.<\/p>\n","protected":false},"excerpt":{"rendered":"<p>Zweck Dieser Webauftritt dient ausschlie\u00dflich pers\u00f6nlichen oder [&hellip;]<\/p>\n","protected":false},"author":1,"featured_media":0,"parent":0,"menu_order":8,"comment_status":"closed","ping_status":"closed","template":"","meta":{"footnotes":""},"class_list":["post-77","page","type-page","status-publish","hentry"],"_links":{"self":[{"href":"https:\/\/www.eichhorn-networks.de\/public\/wordpress\/index.php\/wp-json\/wp\/v2\/pages\/77","targetHints":{"allow":["GET"]}}],"collection":[{"href":"https:\/\/www.eichhorn-networks.de\/public\/wordpress\/index.php\/wp-json\/wp\/v2\/pages"}],"about":[{"href":"https:\/\/www.eichhorn-networks.de\/public\/wordpress\/index.php\/wp-json\/wp\/v2\/types\/page"}],"author":[{"embeddable":true,"href":"https:\/\/www.eichhorn-networks.de\/public\/wordpress\/index.php\/wp-json\/wp\/v2\/users\/1"}],"replies":[{"embeddable":true,"href":"https:\/\/www.eichhorn-networks.de\/public\/wordpress\/index.php\/wp-json\/wp\/v2\/comments?post=77"}],"version-history":[{"count":11,"href":"https:\/\/www.eichhorn-networks.de\/public\/wordpress\/index.php\/wp-json\/wp\/v2\/pages\/77\/revisions"}],"predecessor-version":[{"id":350,"href":"https:\/\/www.eichhorn-networks.de\/public\/wordpress\/index.php\/wp-json\/wp\/v2\/pages\/77\/revisions\/350"}],"wp:attachment":[{"href":"https:\/\/www.eichhorn-networks.de\/public\/wordpress\/index.php\/wp-json\/wp\/v2\/media?parent=77"}],"curies":[{"name":"wp","href":"https:\/\/api.w.org\/{rel}","templated":true}]}}